{"id":56,"date":"2013-10-02T19:23:54","date_gmt":"2013-10-02T19:23:54","guid":{"rendered":"http:\/\/boipebaparadise.com.br\/?page_id=56"},"modified":"2016-10-22T13:35:31","modified_gmt":"2016-10-22T13:35:31","slug":"depoimentos","status":"publish","type":"page","link":"https:\/\/boipebaparadise.com.br\/?page_id=56","title":{"rendered":"Depoimentos"},"content":{"rendered":"<p>Voc\u00ea esteve aqui na Boipeba Paradise? Aqui voc\u00ea poder\u00e1 postar o seu depoimento!<\/p>\n","protected":false},"excerpt":{"rendered":"<p>Voc\u00ea esteve aqui na Boipeba Paradise? Aqui voc\u00ea poder\u00e1 postar o seu depoimento!<\/p>\n","protected":false},"author":1,"featured_media":0,"parent":0,"menu_order":0,"comment_status":"open","ping_status":"open","template":"","meta":{"ngg_post_thumbnail":0},"_links":{"self":[{"href":"https:\/\/boipebaparadise.com.br\/index.php?rest_route=\/wp\/v2\/pages\/56"}],"collection":[{"href":"https:\/\/boipebaparadise.com.br\/index.php?rest_route=\/wp\/v2\/pages"}],"about":[{"href":"https:\/\/boipebaparadise.com.br\/index.php?rest_route=\/wp\/v2\/types\/page"}],"author":[{"embeddable":true,"href":"https:\/\/boipebaparadise.com.br\/index.php?rest_route=\/wp\/v2\/users\/1"}],"replies":[{"embeddable":true,"href":"https:\/\/boipebaparadise.com.br\/index.php?rest_route=%2Fwp%2Fv2%2Fcomments&post=56"}],"version-history":[{"count":4,"href":"https:\/\/boipebaparadise.com.br\/index.php?rest_route=\/wp\/v2\/pages\/56\/revisions"}],"predecessor-version":[{"id":59,"href":"https:\/\/boipebaparadise.com.br\/index.php?rest_route=\/wp\/v2\/pages\/56\/revisions\/59"}],"wp:attachment":[{"href":"https:\/\/boipebaparadise.com.br\/index.php?rest_route=%2Fwp%2Fv2%2Fmedia&parent=56"}],"curies":[{"name":"wp","href":"https:\/\/api.w.org\/{rel}","templated":true}]}}