{"id":21,"date":"2013-09-02T20:04:31","date_gmt":"2013-09-02T20:04:31","guid":{"rendered":"http:\/\/boipebaparadise.com.br\/?page_id=21"},"modified":"2015-12-28T21:40:38","modified_gmt":"2015-12-28T21:40:38","slug":"contato","status":"publish","type":"page","link":"https:\/\/boipebaparadise.com.br\/?page_id=21","title":{"rendered":"Contato"},"content":{"rendered":"<p>Para entrar em contato conosco, seja para solicitar reservas ou para quaisquer outras informa\u00e7\u00f5es, basta preencher o formul\u00e1rio abaixo, ou ligar para os n\u00fameros:<\/p>\n<p>(75) 99994-3023 ou (75) 99994-3321.<\/p>\n<div role=\"form\" class=\"wpcf7\" id=\"wpcf7-f25-o1\" lang=\"en-US\" dir=\"ltr\">\n<div class=\"screen-reader-response\"><\/div>\n<form action=\"\/index.php?rest_route=%2Fwp%2Fv2%2Fpages%2F21#wpcf7-f25-o1\" method=\"post\" class=\"wpcf7-form\" novalidate=\"novalidate\">\n<div style=\"display: none;\">\n<input type=\"hidden\" name=\"_wpcf7\" value=\"25\" \/>\n<input type=\"hidden\" name=\"_wpcf7_version\" value=\"5.0.5\" \/>\n<input type=\"hidden\" name=\"_wpcf7_locale\" value=\"en_US\" \/>\n<input type=\"hidden\" name=\"_wpcf7_unit_tag\" value=\"wpcf7-f25-o1\" \/>\n<input type=\"hidden\" name=\"_wpcf7_container_post\" value=\"0\" \/>\n<\/div>\n<p>Seu nome (obrigat\u00f3rio)<br \/>\n    <span class=\"wpcf7-form-control-wrap your-name\"><input type=\"text\" name=\"your-name\" value=\"\" size=\"40\" class=\"wpcf7-form-control wpcf7-text wpcf7-validates-as-required\" aria-required=\"true\" aria-invalid=\"false\" \/><\/span> <\/p>\n<p>Seu e-mail (obrigat\u00f3rio)<br \/>\n    <span class=\"wpcf7-form-control-wrap your-email\"><input type=\"email\" name=\"your-email\" value=\"\" size=\"40\" class=\"wpcf7-form-control wpcf7-text wpcf7-email wpcf7-validates-as-required wpcf7-validates-as-email\" aria-required=\"true\" aria-invalid=\"false\" \/><\/span> <\/p>\n<p>Assunto<br \/>\n    <span class=\"wpcf7-form-control-wrap your-subject\"><input type=\"text\" name=\"your-subject\" value=\"\" size=\"40\" class=\"wpcf7-form-control wpcf7-text\" aria-invalid=\"false\" \/><\/span> <\/p>\n<p>Sua mensagem<br \/>\n    <span class=\"wpcf7-form-control-wrap your-message\"><textarea name=\"your-message\" cols=\"40\" rows=\"10\" class=\"wpcf7-form-control wpcf7-textarea\" aria-invalid=\"false\"><\/textarea><\/span> <\/p>\n<p><input type=\"submit\" value=\"Enviar\" class=\"wpcf7-form-control wpcf7-submit\" \/><\/p>\n<div class=\"wpcf7-response-output wpcf7-display-none\"><\/div><\/form><\/div>\n<p>N\u00c3O ACEITAMOS CART\u00d5ES DE CR\u00c9DITO OU D\u00c9BITO.<\/p>\n<p>PLEASE BE ADVISED WE DO NOT WORK WITH ANY CREDIT OR DEBIT CARDS.<\/p>\n","protected":false},"excerpt":{"rendered":"<p>Para entrar em contato conosco, seja para solicitar reservas ou para quaisquer outras informa\u00e7\u00f5es, basta preencher o formul\u00e1rio abaixo, ou ligar para os n\u00fameros: (75) 99994-3023 ou (75) 99994-3321. N\u00c3O ACEITAMOS CART\u00d5ES DE CR\u00c9DITO OU D\u00c9BITO. PLEASE BE ADVISED WE DO NOT WORK WITH ANY CREDIT OR DEBIT CARDS.<\/p>\n","protected":false},"author":1,"featured_media":0,"parent":0,"menu_order":0,"comment_status":"open","ping_status":"open","template":"","meta":{"ngg_post_thumbnail":0},"_links":{"self":[{"href":"https:\/\/boipebaparadise.com.br\/index.php?rest_route=\/wp\/v2\/pages\/21"}],"collection":[{"href":"https:\/\/boipebaparadise.com.br\/index.php?rest_route=\/wp\/v2\/pages"}],"about":[{"href":"https:\/\/boipebaparadise.com.br\/index.php?rest_route=\/wp\/v2\/types\/page"}],"author":[{"embeddable":true,"href":"https:\/\/boipebaparadise.com.br\/index.php?rest_route=\/wp\/v2\/users\/1"}],"replies":[{"embeddable":true,"href":"https:\/\/boipebaparadise.com.br\/index.php?rest_route=%2Fwp%2Fv2%2Fcomments&post=21"}],"version-history":[{"count":4,"href":"https:\/\/boipebaparadise.com.br\/index.php?rest_route=\/wp\/v2\/pages\/21\/revisions"}],"predecessor-version":[{"id":67,"href":"https:\/\/boipebaparadise.com.br\/index.php?rest_route=\/wp\/v2\/pages\/21\/revisions\/67"}],"wp:attachment":[{"href":"https:\/\/boipebaparadise.com.br\/index.php?rest_route=%2Fwp%2Fv2%2Fmedia&parent=21"}],"curies":[{"name":"wp","href":"https:\/\/api.w.org\/{rel}","templated":true}]}}