{"id":2,"date":"2013-08-26T19:45:35","date_gmt":"2013-08-26T19:45:35","guid":{"rendered":"http:\/\/boipebaparadise.com.br\/?page_id=2"},"modified":"2016-10-22T13:24:10","modified_gmt":"2016-10-22T13:24:10","slug":"pagina-exemplo","status":"publish","type":"page","link":"https:\/\/boipebaparadise.com.br\/?page_id=2","title":{"rendered":"Boipeba Paradise (Guest House)"},"content":{"rendered":"<p>Para falarmos sobre a nossa Guest House, gostar\u00edamos de come\u00e7ar citando o local onde estamos localizados que \u00e9 a Ilha de Velha Boipeba, eleita pelos internautas no site TripAdvisor como sendo a segunda melhor Ilha de toda a Am\u00e9rica do Sul, perdendo apenas para a Ilha de P\u00e1scoa, no Chile.<\/p>\n<p>A Boipeba Paradise adotou o sistema de hospedagem conhecido como Guest House. Bastante utilizado na Europa, o conceito de Guest House oferece aos h\u00f3spedes um servi\u00e7o diferenciado, com total privacidade e alguns servi\u00e7os de hospedagem tradicional inclu\u00eddos, aqui voc\u00ea se sente em casa!<\/p>\n<p>Estamos instalados na praia, onde voc\u00ea pode desfrutar de um bel\u00edssimo visual, contemplando uma natureza rica, t\u00edpica do litoral brasileiro onde h\u00e1 a presen\u00e7a de diversos elementos da nossa mata atl\u00e2ntica.<\/p>\n<p>Oferecemos o servi\u00e7o de aluguel para temporada!<\/p>\nngg_shortcode_0_placeholder\n","protected":false},"excerpt":{"rendered":"<p>Para falarmos sobre a nossa Guest House, gostar\u00edamos de come\u00e7ar citando o local onde estamos localizados que \u00e9 a Ilha de Velha Boipeba, eleita pelos internautas no site TripAdvisor como sendo a segunda melhor Ilha de toda a Am\u00e9rica do Sul, perdendo apenas para a Ilha de P\u00e1scoa, no Chile. A Boipeba Paradise adotou o [&hellip;]<\/p>\n","protected":false},"author":1,"featured_media":0,"parent":0,"menu_order":0,"comment_status":"open","ping_status":"open","template":"","meta":{"ngg_post_thumbnail":0},"_links":{"self":[{"href":"https:\/\/boipebaparadise.com.br\/index.php?rest_route=\/wp\/v2\/pages\/2"}],"collection":[{"href":"https:\/\/boipebaparadise.com.br\/index.php?rest_route=\/wp\/v2\/pages"}],"about":[{"href":"https:\/\/boipebaparadise.com.br\/index.php?rest_route=\/wp\/v2\/types\/page"}],"author":[{"embeddable":true,"href":"https:\/\/boipebaparadise.com.br\/index.php?rest_route=\/wp\/v2\/users\/1"}],"replies":[{"embeddable":true,"href":"https:\/\/boipebaparadise.com.br\/index.php?rest_route=%2Fwp%2Fv2%2Fcomments&post=2"}],"version-history":[{"count":9,"href":"https:\/\/boipebaparadise.com.br\/index.php?rest_route=\/wp\/v2\/pages\/2\/revisions"}],"predecessor-version":[{"id":70,"href":"https:\/\/boipebaparadise.com.br\/index.php?rest_route=\/wp\/v2\/pages\/2\/revisions\/70"}],"wp:attachment":[{"href":"https:\/\/boipebaparadise.com.br\/index.php?rest_route=%2Fwp%2Fv2%2Fmedia&parent=2"}],"curies":[{"name":"wp","href":"https:\/\/api.w.org\/{rel}","templated":true}]}}