{"id":19,"date":"2013-08-27T14:33:34","date_gmt":"2013-08-27T14:33:34","guid":{"rendered":"http:\/\/boipebaparadise.com.br\/?page_id=19"},"modified":"2017-02-07T19:14:25","modified_gmt":"2017-02-07T19:14:25","slug":"reservas","status":"publish","type":"page","link":"https:\/\/boipebaparadise.com.br\/?page_id=19","title":{"rendered":"Reservas"},"content":{"rendered":"<p>Para reservar seu bangal\u00f4, por favor entre em contato conosco:<\/p>\n<p>E-Mail: <a href=\"mailto:fa.meza@uol.com.br\" rel=\"noreferrer\">fa.meza@uol.com.br<\/a><\/p>\n<p>Telefones (75) 99994-3023 | (75) 99994-3321<\/p>\n<p>Ou preencha nosso formul\u00e1rio da p\u00e1gina &#8220;<a title=\"Contato\" href=\"http:\/\/boipebaparadise.com.br\/?page_id=21\">Contato<\/a>&#8221;<\/p>\n<p>Se for do desejo do h\u00f3spede, podemos organizar o seu traslado de Salvador, Bahia, at\u00e9 a Boipeba Paradise, seja por via a\u00e9rea, rodovi\u00e1ria (van com ar condicionado) ou mar\u00edtima. Fale conosco para saber os detalhes.<\/p>\n<p>N\u00c3O ACEITAMOS CART\u00d5ES DE CR\u00c9DITO OU D\u00c9BITO.<\/p>\n<p>PLEASE BE ADVISED WE DO NOT WORK WITH ANY CREDIT OR DEBIT CARDS.<\/p>\n","protected":false},"excerpt":{"rendered":"<p>Para reservar seu bangal\u00f4, por favor entre em contato conosco: E-Mail: fa.meza@uol.com.br Telefones (75) 99994-3023 | (75) 99994-3321 Ou preencha nosso formul\u00e1rio da p\u00e1gina &#8220;Contato&#8221; Se for do desejo do h\u00f3spede, podemos organizar o seu traslado de Salvador, Bahia, at\u00e9 a Boipeba Paradise, seja por via a\u00e9rea, rodovi\u00e1ria (van com ar condicionado) ou mar\u00edtima. Fale [&hellip;]<\/p>\n","protected":false},"author":1,"featured_media":0,"parent":0,"menu_order":0,"comment_status":"open","ping_status":"open","template":"","meta":{"ngg_post_thumbnail":0},"_links":{"self":[{"href":"https:\/\/boipebaparadise.com.br\/index.php?rest_route=\/wp\/v2\/pages\/19"}],"collection":[{"href":"https:\/\/boipebaparadise.com.br\/index.php?rest_route=\/wp\/v2\/pages"}],"about":[{"href":"https:\/\/boipebaparadise.com.br\/index.php?rest_route=\/wp\/v2\/types\/page"}],"author":[{"embeddable":true,"href":"https:\/\/boipebaparadise.com.br\/index.php?rest_route=\/wp\/v2\/users\/1"}],"replies":[{"embeddable":true,"href":"https:\/\/boipebaparadise.com.br\/index.php?rest_route=%2Fwp%2Fv2%2Fcomments&post=19"}],"version-history":[{"count":8,"href":"https:\/\/boipebaparadise.com.br\/index.php?rest_route=\/wp\/v2\/pages\/19\/revisions"}],"predecessor-version":[{"id":75,"href":"https:\/\/boipebaparadise.com.br\/index.php?rest_route=\/wp\/v2\/pages\/19\/revisions\/75"}],"wp:attachment":[{"href":"https:\/\/boipebaparadise.com.br\/index.php?rest_route=%2Fwp%2Fv2%2Fmedia&parent=19"}],"curies":[{"name":"wp","href":"https:\/\/api.w.org\/{rel}","templated":true}]}}